{"id":19,"date":"2024-05-23T20:53:01","date_gmt":"2024-05-23T18:53:01","guid":{"rendered":"https:\/\/radioforeuropeancitizens.eu\/?page_id=19"},"modified":"2024-09-10T16:34:24","modified_gmt":"2024-09-10T14:34:24","slug":"bemutatkozas","status":"publish","type":"page","link":"https:\/\/radioforeuropeancitizens.eu\/en\/bemutatkozas\/","title":{"rendered":"About Us"},"content":{"rendered":"<div data-elementor-type=\"wp-page\" data-elementor-id=\"19\" class=\"elementor elementor-19\" data-elementor-post-type=\"page\">\n\t\t\t\t<div class=\"elementor-element elementor-element-0b8af24 e-flex e-con-boxed e-con e-parent\" data-id=\"0b8af24\" data-element_type=\"container\" data-settings=\"{&quot;background_background&quot;:&quot;classic&quot;}\">\n\t\t\t\t\t<div class=\"e-con-inner\">\n\t\t\t\t<div class=\"elementor-element elementor-element-cab4a01 elementor-testimonial--layout-image_above elementor-testimonial--skin-default elementor-testimonial--align-center elementor-pagination-type-bullets elementor-widget elementor-widget-testimonial-carousel\" data-id=\"cab4a01\" data-element_type=\"widget\" data-settings=\"{&quot;space_between&quot;:{&quot;unit&quot;:&quot;px&quot;,&quot;size&quot;:0,&quot;sizes&quot;:[]},&quot;space_between_laptop&quot;:{&quot;unit&quot;:&quot;px&quot;,&quot;size&quot;:20,&quot;sizes&quot;:[]},&quot;pagination&quot;:&quot;bullets&quot;,&quot;speed&quot;:500,&quot;autoplay&quot;:&quot;yes&quot;,&quot;autoplay_speed&quot;:5000,&quot;loop&quot;:&quot;yes&quot;,&quot;pause_on_hover&quot;:&quot;yes&quot;,&quot;pause_on_interaction&quot;:&quot;yes&quot;,&quot;space_between_tablet&quot;:{&quot;unit&quot;:&quot;px&quot;,&quot;size&quot;:10,&quot;sizes&quot;:[]},&quot;space_between_mobile&quot;:{&quot;unit&quot;:&quot;px&quot;,&quot;size&quot;:10,&quot;sizes&quot;:[]}}\" data-widget_type=\"testimonial-carousel.default\">\n\t\t\t\t<div class=\"elementor-widget-container\">\n\t\t\t\t\t<div class=\"elementor-swiper\">\n\t\t\t<div class=\"elementor-main-swiper swiper\">\n\t\t\t\t<div class=\"swiper-wrapper\">\n\t\t\t\t\t\t\t\t\t\t\t<div class=\"swiper-slide\">\n\t\t\t\t\t\t\t\t\t<div class=\"elementor-testimonial\">\n\t\t\t\t\t\t\t<div class=\"elementor-testimonial__content\">\n\t\t\t\t\t<div class=\"elementor-testimonial__text\">\n\t\t\t\t\t\tMember of Group II, Section for Employment, Social Affairs and Citizenship\t\t\t\t\t<\/div>\n\t\t\t\t\t<cite class=\"elementor-testimonial__cite\"><span class=\"elementor-testimonial__name\">Dr. Cser \u00c1gnes<\/span><span class=\"elementor-testimonial__title\">Section for External Relations <\/span><\/cite>\t\t\t\t<\/div>\n\t\t\t\t\t\t<div class=\"elementor-testimonial__footer\">\n\t\t\t\t\t\t\t\t\t<div class=\"elementor-testimonial__image\">\n\t\t\t\t\t\t<img decoding=\"async\" src=\"https:\/\/radioforeuropeancitizens.eu\/wp-content\/uploads\/2024\/09\/cser-agnes.jpg\" alt=\"Dr. Cser \u00c1gnes\">\n\t\t\t\t\t\t\t\t\t\t\t<\/div>\n\t\t\t\t\t\t\t\t\t\t\t<\/div>\n\t\t<\/div>\n\t\t\t\t\t\t\t\t<\/div>\n\t\t\t\t\t\t\t\t\t<\/div>\n\t\t\t\t\t\t\t<\/div>\n\t\t<\/div>\n\t\t\t\t<\/div>\n\t\t\t\t<\/div>\n\t\t\t\t<div class=\"elementor-element elementor-element-fd9506d elementor-widget__width-inherit elementor-widget elementor-widget-heading\" data-id=\"fd9506d\" data-element_type=\"widget\" data-widget_type=\"heading.default\">\n\t\t\t\t<div class=\"elementor-widget-container\">\n\t\t\t<h4 class=\"elementor-heading-title elementor-size-default\">Back to the Radio - Intercultural Dialogue as an Ethical Tool for Communication for Europe (for us?)<\/h4>\t\t<\/div>\n\t\t\t\t<\/div>\n\t\t\t\t<div class=\"elementor-element elementor-element-253d02c elementor-widget__width-inherit elementor-widget elementor-widget-text-editor\" data-id=\"253d02c\" data-element_type=\"widget\" data-widget_type=\"text-editor.default\">\n\t\t\t\t<div class=\"elementor-widget-container\">\n\t\t\t\t\t\t\t<p>Press Officers Seminar, Workshop No. 1 \"Communicating beyond borders and cultures\"<\/p><p><em>Brussels, 27th January 2009<\/em><\/p>\t\t\t\t\t\t<\/div>\n\t\t\t\t<\/div>\n\t\t\t\t\t<\/div>\n\t\t\t\t<\/div>\n\t\t<div class=\"elementor-element elementor-element-ca6ed5f e-flex e-con-boxed e-con e-parent\" data-id=\"ca6ed5f\" data-element_type=\"container\" data-settings=\"{&quot;background_background&quot;:&quot;classic&quot;}\">\n\t\t\t\t\t<div class=\"e-con-inner\">\n\t\t\t\t<div class=\"elementor-element elementor-element-bc1935e elementor-widget__width-inherit elementor-widget elementor-widget-heading\" data-id=\"bc1935e\" data-element_type=\"widget\" data-widget_type=\"heading.default\">\n\t\t\t\t<div class=\"elementor-widget-container\">\n\t\t\t<h2 class=\"elementor-heading-title elementor-size-default\">Back to the radio<\/h2>\t\t<\/div>\n\t\t\t\t<\/div>\n\t\t\t\t<div class=\"elementor-element elementor-element-5948785 elementor-widget__width-inherit elementor-widget elementor-widget-heading\" data-id=\"5948785\" data-element_type=\"widget\" data-widget_type=\"heading.default\">\n\t\t\t\t<div class=\"elementor-widget-container\">\n\t\t\t<h3 class=\"elementor-heading-title elementor-size-default\">Intercultural Dialogue as an Ethical Tool for Communication for Europe (for us?)<\/h3>\t\t<\/div>\n\t\t\t\t<\/div>\n\t\t\t\t<div class=\"elementor-element elementor-element-6e91971 elementor-widget elementor-widget-text-editor\" data-id=\"6e91971\" data-element_type=\"widget\" data-widget_type=\"text-editor.default\">\n\t\t\t\t<div class=\"elementor-widget-container\">\n\t\t\t\t\t\t\t<p><strong>Dear Ms King, Mr Delfosse, Mr H\u00e9lin,<\/strong><br \/><strong>Dear Members, Ladies and Gentlemen,<\/strong><\/p>\t\t\t\t\t\t<\/div>\n\t\t\t\t<\/div>\n\t\t\t\t<div class=\"elementor-element elementor-element-683da2b elementor-widget elementor-widget-text-editor\" data-id=\"683da2b\" data-element_type=\"widget\" data-widget_type=\"text-editor.default\">\n\t\t\t\t<div class=\"elementor-widget-container\">\n\t\t\t\t\t\t\t<p>Year 2009 is going to give a historical opportunity for EESC for the inclusion of European citizens into the debate on the European Union, and also for enhancing participatory democracy, thus making preparations for the European Parliamentary elections.<\/p>\t\t\t\t\t\t<\/div>\n\t\t\t\t<\/div>\n\t\t\t\t<div class=\"elementor-element elementor-element-d92f85b elementor-widget elementor-widget-text-editor\" data-id=\"d92f85b\" data-element_type=\"widget\" data-widget_type=\"text-editor.default\">\n\t\t\t\t<div class=\"elementor-widget-container\">\n\t\t\t\t\t\t\t<p>Since the accession of 2006 this is going to be the first election of the EU27. All EU institutions are going to be reformed. Although EESC is not such an institution, it is continuously working as an advisory body. The members of EESC can stand for local, regional, country and EU-level interests on behalf of organized civil society.<\/p>\t\t\t\t\t\t<\/div>\n\t\t\t\t<\/div>\n\t\t\t\t<div class=\"elementor-element elementor-element-6f5845b elementor-widget elementor-widget-text-editor\" data-id=\"6f5845b\" data-element_type=\"widget\" data-widget_type=\"text-editor.default\">\n\t\t\t\t<div class=\"elementor-widget-container\">\n\t\t\t\t\t\t\t<p>The citizens of the European Union have to face a lot of major challenges, such as the global financial crisis, often resulting lay-offs and impoverishment for the citizens. The difference between the rich and the poor is almost unbearable. The starvation and poverty of children, dismissals, homelessness cannot be considered as rare phenomena nowadays \u2013 all of these occur in large numbers indeed, especially in the former socialist countries.<\/p>\t\t\t\t\t\t<\/div>\n\t\t\t\t<\/div>\n\t\t\t\t<div class=\"elementor-element elementor-element-a152522 elementor-widget elementor-widget-text-editor\" data-id=\"a152522\" data-element_type=\"widget\" data-widget_type=\"text-editor.default\">\n\t\t\t\t<div class=\"elementor-widget-container\">\n\t\t\t\t\t\t\t<p>The positive and beneficial effect of the EU is not experienced at all, or in a disadvantageous way \u2013 and this is true especially for the ones living in the rural areas. The priority of the internal market compared to the interest of the citizens cause really significant problems for them (the forced privatization of publics services, a huge number of dismissals and the rising costs of services) and makes them disappointed.<\/p>\t\t\t\t\t\t<\/div>\n\t\t\t\t<\/div>\n\t\t\t\t<div class=\"elementor-element elementor-element-c224a61 elementor-widget elementor-widget-text-editor\" data-id=\"c224a61\" data-element_type=\"widget\" data-widget_type=\"text-editor.default\">\n\t\t\t\t<div class=\"elementor-widget-container\">\n\t\t\t\t\t\t\t<p>The recent termination of gas service has led to demonstrations, and we do not know exactly how many people were feeling cold and what damages resulted from it.<\/p>\t\t\t\t\t\t<\/div>\n\t\t\t\t<\/div>\n\t\t\t\t<div class=\"elementor-element elementor-element-b6a221a elementor-widget elementor-widget-text-editor\" data-id=\"b6a221a\" data-element_type=\"widget\" data-widget_type=\"text-editor.default\">\n\t\t\t\t<div class=\"elementor-widget-container\">\n\t\t\t\t\t\t\t<p>The media controlled by the governments of certain member states provide unreal or fragmented information to the citizens. In many countries the democratic requirements of the European Union often exist only in a written, not in a living form. What kind of changes can we live with in such a situation? Why is it important to improve and utilize intercultural dialogue as a tool for the dialogue between individuals and institutions?<\/p>\t\t\t\t\t\t<\/div>\n\t\t\t\t<\/div>\n\t\t\t\t<div class=\"elementor-element elementor-element-78203c1 elementor-widget elementor-widget-text-editor\" data-id=\"78203c1\" data-element_type=\"widget\" data-widget_type=\"text-editor.default\">\n\t\t\t\t<div class=\"elementor-widget-container\">\n\t\t\t\t\t\t\t<p>The EU\u2019s population, i.e. almost 500 million people differ from one another in their mother tongue, religion, lifestyle, political opinion and culture as well. What can be their common interest? To create a worthy human life. And in order to do so the mutual acknowledgement and respect of each other is essential. It is also necessary for the creation of a worthy human life to influence political will with the recognition and fine-tuning of individual and public interests.<\/p>\t\t\t\t\t\t<\/div>\n\t\t\t\t<\/div>\n\t\t\t\t<div class=\"elementor-element elementor-element-2ac5a3c elementor-widget elementor-widget-text-editor\" data-id=\"2ac5a3c\" data-element_type=\"widget\" data-widget_type=\"text-editor.default\">\n\t\t\t\t<div class=\"elementor-widget-container\">\n\t\t\t\t\t\t\t<p>What tools are available for decision making on the individuals\u2019 level?<\/p>\t\t\t\t\t\t<\/div>\n\t\t\t\t<\/div>\n\t\t\t\t<div class=\"elementor-element elementor-element-7f20305 elementor-widget elementor-widget-text-editor\" data-id=\"7f20305\" data-element_type=\"widget\" data-widget_type=\"text-editor.default\">\n\t\t\t\t<div class=\"elementor-widget-container\">\n\t\t\t\t\t\t\t<p>What percentage of the population of 500 million has Internet access? How many so-called public radio and television provide real information \u2013 necessary for decision making \u2013 for their citizens and the migrants living here? What is the number of illiterate or functionally illiterate people living in our societies? What is the number of children who do not attend school? For how many people do their religious requirements prohibit to get into contact with others?<\/p>\t\t\t\t\t\t<\/div>\n\t\t\t\t<\/div>\n\t\t\t\t<div class=\"elementor-element elementor-element-c6ea7f2 elementor-widget elementor-widget-text-editor\" data-id=\"c6ea7f2\" data-element_type=\"widget\" data-widget_type=\"text-editor.default\">\n\t\t\t\t<div class=\"elementor-widget-container\">\n\t\t\t\t\t\t\t<p>Is it enough if we apply intercultural dialogue only via the Internet? Or do we have to contribute to the creation of a sectoral cultural common language and toolbar for the policies influencing EU citizens (healthcare, agriculture, education, security, foreign affairs) over the recognition of classical cultures?<\/p>\t\t\t\t\t\t<\/div>\n\t\t\t\t<\/div>\n\t\t\t\t<div class=\"elementor-element elementor-element-eed776a elementor-widget elementor-widget-text-editor\" data-id=\"eed776a\" data-element_type=\"widget\" data-widget_type=\"text-editor.default\">\n\t\t\t\t<div class=\"elementor-widget-container\">\n\t\t\t\t\t\t\t<p>How can we promote the right for information by encouraging intercultural dialogue? Do we need the general and sectoral handbooks of European cultures in order to promote the integration of all those who are living and working here (as EESC recommended it )? What should we do in order to reach that the citizens not only formally, but in reality participate in the forming of political will? What should we do to have a greater democracy in Europe?<\/p>\t\t\t\t\t\t<\/div>\n\t\t\t\t<\/div>\n\t\t\t\t<div class=\"elementor-element elementor-element-98117b6 elementor-widget elementor-widget-text-editor\" data-id=\"98117b6\" data-element_type=\"widget\" data-widget_type=\"text-editor.default\">\n\t\t\t\t<div class=\"elementor-widget-container\">\n\t\t\t\t\t\t\t<p>We have to provide information, information and information for everybody living here, and also equal opportunities to get access to this information!<\/p>\t\t\t\t\t\t<\/div>\n\t\t\t\t<\/div>\n\t\t\t\t<div class=\"elementor-element elementor-element-0ff378f elementor-widget elementor-widget-text-editor\" data-id=\"0ff378f\" data-element_type=\"widget\" data-widget_type=\"text-editor.default\">\n\t\t\t\t<div class=\"elementor-widget-container\">\n\t\t\t\t\t\t\t<p>The more information we provide, the more democracy we have.<\/p>\t\t\t\t\t\t<\/div>\n\t\t\t\t<\/div>\n\t\t\t\t<div class=\"elementor-element elementor-element-6fced7f elementor-widget elementor-widget-text-editor\" data-id=\"6fced7f\" data-element_type=\"widget\" data-widget_type=\"text-editor.default\">\n\t\t\t\t<div class=\"elementor-widget-container\">\n\t\t\t\t\t\t\t<p>And what kind of information should we provide? Manipulated or real? Whose responsibility is to provide manipulation-free information? It is a responsibility of all of us. Why should we go back to the radio? \u201cRoosevelt was famous for using radio and Kennedy for his use of television. Obama \u2026 used the internet as the central platform of his campaign.\u201d Is it true that we can reach everybody living in the EU via the Internet &#8211; although everybody should have the same rights, for the access of information as well ? In a former opinion EESC proposed the establishment of a public radio or television channel, especially for the one, who \u2013 through no fault of theirs &#8211; are isolated from information. The number of such people is on the increase. Ethical or civil control is also needed, so that no concern could manipulate the listener or the viewer. So that nothing like this \u2013 mentioned in a campaign \u2013 could occur:<em> the politician also has to be sold, just like washing powder.<\/em><\/p>\t\t\t\t\t\t<\/div>\n\t\t\t\t<\/div>\n\t\t\t\t<div class=\"elementor-element elementor-element-899f55d elementor-widget elementor-widget-text-editor\" data-id=\"899f55d\" data-element_type=\"widget\" data-widget_type=\"text-editor.default\">\n\t\t\t\t<div class=\"elementor-widget-container\">\n\t\t\t\t\t\t\t<p>Radio, that is affordable nearly everybody is suitable not only for delivering information, but also for teaching and deepening people\u2019s knowledge, thus by joining local radios with an EU-radio we could provide continuous \u2018circulation\u2019 among the institutions and the citizens of the EU. The members of EESC could directly participate in this work as intermediators of local and EU interests.<\/p>\t\t\t\t\t\t<\/div>\n\t\t\t\t<\/div>\n\t\t\t\t<div class=\"elementor-element elementor-element-64418aa elementor-widget elementor-widget-text-editor\" data-id=\"64418aa\" data-element_type=\"widget\" data-widget_type=\"text-editor.default\">\n\t\t\t\t<div class=\"elementor-widget-container\">\n\t\t\t\t\t\t\t<p>Education and information through the radio is having an increasingly important role nowadays, because the local or national conflicts of minorities, the loss of workplaces and that of the use of the mother tongue cannot be solved with one-sided or little information. If the individual, the voter feels that his everyday life is oppressed with severe, unsolved conflicts as a result of his nationality, religion, political opinion or \u2013 let\u2019s say \u2013 the lack of gas, then he will not consider the European Parliamentary elections \u2013 i.e. the direct exercising of democracy \u2013 as a meaningful and effective tool for solving his conflicts and everyday subsistence problems.<\/p>\t\t\t\t\t\t<\/div>\n\t\t\t\t<\/div>\n\t\t\t\t<div class=\"elementor-element elementor-element-bda5c4b elementor-widget elementor-widget-text-editor\" data-id=\"bda5c4b\" data-element_type=\"widget\" data-widget_type=\"text-editor.default\">\n\t\t\t\t<div class=\"elementor-widget-container\">\n\t\t\t\t\t\t\t<ol><li>SOC\/226 European year of intercultural dialogue (2008) Rap: Ms Cser<\/li><li>Margot WALLSTR\u00d6M: Europe online: new media for a new age. SPEECH\/08\/671. Madrid. <sup>2nd december 2008<\/sup><\/li><li>Margot WALLSTR\u00d6M: Europe online: new media for a new age. SPEECH\/08\/671. Madrid. <sup>2nd december 2008<\/sup><\/li><li>SOC\/226 European year of intercultural dialogue (2008) Rap: Ms Cser<\/li><\/ol>\t\t\t\t\t\t<\/div>\n\t\t\t\t<\/div>\n\t\t\t\t\t<\/div>\n\t\t\t\t<\/div>\n\t\t<div class=\"elementor-element elementor-element-9a01f13 e-flex e-con-boxed e-con e-parent\" data-id=\"9a01f13\" data-element_type=\"container\" data-settings=\"{&quot;background_background&quot;:&quot;classic&quot;}\">\n\t\t\t\t\t<div class=\"e-con-inner\">\n\t\t\t\t<div class=\"elementor-element elementor-element-6b934e3 elementor-widget__width-initial elementor-widget elementor-widget-heading\" data-id=\"6b934e3\" data-element_type=\"widget\" data-widget_type=\"heading.default\">\n\t\t\t\t<div class=\"elementor-widget-container\">\n\t\t\t<h2 class=\"elementor-heading-title elementor-size-default\">Radio For European Citizens<\/h2>\t\t<\/div>\n\t\t\t\t<\/div>\n\t\t\t\t<div class=\"elementor-element elementor-element-8c477c0 elementor-widget__width-initial elementor-widget elementor-widget-heading\" data-id=\"8c477c0\" data-element_type=\"widget\" data-widget_type=\"heading.default\">\n\t\t\t\t<div class=\"elementor-widget-container\">\n\t\t\t<h2 class=\"elementor-heading-title elementor-size-default\">What do Krisztina and J\u00e1nos expect from the Radio for European Citizens?<\/h2>\t\t<\/div>\n\t\t\t\t<\/div>\n\t\t\t\t<div class=\"elementor-element elementor-element-192bdbd elementor-widget__width-initial elementor-widget elementor-widget-text-editor\" data-id=\"192bdbd\" data-element_type=\"widget\" data-widget_type=\"text-editor.default\">\n\t\t\t\t<div class=\"elementor-widget-container\">\n\t\t\t\t\t\t\t<p>We trust that the Radio for European Citizens was created to broadcast the voices of ordinary people living in different parts of the European Union. We believe that when discussing the global economy, health care, climate change, agriculture and other important topics, the most valuable perspectives come from the people themselves. We hope that there will be a space for all those who would like to share their experiences, stories and opinions, which will bring European people closer together.<br \/>The motto of the Radio for European Citizens is \u2018Back to the radio!\u2019, which represents a return to a time when the human voice and community opinion really mattered. It would be good if the interviews were based on the idea to better inform ourselves, understand the world we live in, and therefore each other.<br \/>Follow Radio for European Citizens and listen to real stories from real people!<\/p>\t\t\t\t\t\t<\/div>\n\t\t\t\t<\/div>\n\t\t\t\t\t<\/div>\n\t\t\t\t<\/div>\n\t\t\t\t<\/div>","protected":false},"excerpt":{"rendered":"<p>a II. csoport &#8222;Foglalkoztat\u00e1s- \u00e9s szoci\u00e1lpolitika, uni\u00f3s polg\u00e1rs\u00e1g&#8221; szekci\u00f3j\u00e1nak tagja Dr. Cser \u00c1gnesK\u00fclkapcsolatok szekci\u00f3 Vissza a r\u00e1di\u00f3hoz &#8211; A kult\u00far\u00e1k k\u00f6z\u00f6tti p\u00e1rbesz\u00e9d mint az eur\u00f3pai kommunik\u00e1ci\u00f3 etikai eszk\u00f6ze (sz\u00e1munkra?) Sajt\u00f3referensek szemin\u00e1riuma, 1. munka\u00e9rtekezlet: &#8222;Hat\u00e1rokon \u00e9s kult\u00far\u00e1kon \u00e1t\u00edvel\u0151 kommunik\u00e1ci\u00f3&#8221; Br\u00fcsszel, 2009. janu\u00e1r 27. Vissza a r\u00e1di\u00f3hoz A kult\u00far\u00e1k k\u00f6z\u00f6tti p\u00e1rbesz\u00e9d mint az eur\u00f3pai kommunik\u00e1ci\u00f3 etikus eszk\u00f6ze [&hellip;]<\/p>","protected":false},"author":1,"featured_media":0,"parent":0,"menu_order":0,"comment_status":"closed","ping_status":"closed","template":"","meta":{"footnotes":""},"class_list":["post-19","page","type-page","status-publish","hentry"],"_links":{"self":[{"href":"https:\/\/radioforeuropeancitizens.eu\/en\/wp-json\/wp\/v2\/pages\/19","targetHints":{"allow":["GET"]}}],"collection":[{"href":"https:\/\/radioforeuropeancitizens.eu\/en\/wp-json\/wp\/v2\/pages"}],"about":[{"href":"https:\/\/radioforeuropeancitizens.eu\/en\/wp-json\/wp\/v2\/types\/page"}],"author":[{"embeddable":true,"href":"https:\/\/radioforeuropeancitizens.eu\/en\/wp-json\/wp\/v2\/users\/1"}],"replies":[{"embeddable":true,"href":"https:\/\/radioforeuropeancitizens.eu\/en\/wp-json\/wp\/v2\/comments?post=19"}],"version-history":[{"count":0,"href":"https:\/\/radioforeuropeancitizens.eu\/en\/wp-json\/wp\/v2\/pages\/19\/revisions"}],"wp:attachment":[{"href":"https:\/\/radioforeuropeancitizens.eu\/en\/wp-json\/wp\/v2\/media?parent=19"}],"curies":[{"name":"wp","href":"https:\/\/api.w.org\/{rel}","templated":true}]}}